{"id":1054,"date":"2020-06-05T12:05:34","date_gmt":"2020-06-05T16:05:34","guid":{"rendered":"https:\/\/oiaac.esg.uqam.ca\/?page_id=1054"},"modified":"2023-02-03T18:31:19","modified_gmt":"2023-02-03T23:31:19","slug":"the-observatorys-briefings","status":"publish","type":"page","link":"https:\/\/oiaac.esg.uqam.ca\/en\/the-observatorys-briefings\/","title":{"rendered":"The Observatory&#8217;s Briefings"},"content":{"rendered":"\n<div class=\"wp-block-group\"><div class=\"wp-block-group__inner-container is-layout-flow wp-block-group-is-layout-flow\">\n<div class=\"wp-block-group\"><div class=\"wp-block-group__inner-container is-layout-flow wp-block-group-is-layout-flow\"><\/div><\/div>\n<\/div><\/div>\n\n\n\n<p>The pandemic has plunged the aviation sector into an unprecedented crises. In the wake of the closure of most of the world&#8217;s borders, the sector is facing radical transformations, the scope and duration of which are strongly marked by uncertainty.<\/p>\n\n\n\n<p>The goal of the Observatory&#8217;s Briefings is to shed light on what is unfolding in the aviation and aeronautics sector, and to provide perspectives on the future of the industry. The concise and interactive format of these Briefings is aimed at all who are seeking to better understand the state of the industry in these particular times. \u00a0<\/p>\n\n\n\n<h3 class=\"wp-block-heading\"><em>Briefing #1 : les strat\u00e9gies de sortie de crises pour les compagnies a\u00e9riennes<\/em><\/h3>\n\n\n\n<p><em>28 mai 2020<\/em><\/p>\n\n\n\n<p>Dans ce premier webinaire d&#8217;une trentaine de minutes, <a href=\"https:\/\/oiaac.esg.uqam.ca\/lobservatoire\/lequipe\/\">Hans Obas et J\u00e9r\u00e9mie Viret<\/a> ont tent\u00e9 de d\u00e9gager les pistes emprunt\u00e9es par les compagnies a\u00e9riennes pour red\u00e9coller. Quelles solutions et marges de man\u0153uvre disposent-elles face aux nouvelles r\u00e9alit\u00e9s op\u00e9rationnelles, concurrentielles et r\u00e9glementaires?&nbsp;<\/p>\n\n\n\n<figure class=\"wp-block-embed is-type-video is-provider-youtube wp-block-embed-youtube wp-embed-aspect-16-9 wp-has-aspect-ratio\"><div class=\"wp-block-embed__wrapper\">\n<iframe loading=\"lazy\" title=\"Briefing #1 Les strat\u00e9gies de sortie de crise pour les compagnies a\u00e9riennes\" width=\"640\" height=\"360\" src=\"https:\/\/www.youtube.com\/embed\/mO__7rO0ooQ?feature=oembed\" frameborder=\"0\" allow=\"accelerometer; autoplay; clipboard-write; encrypted-media; gyroscope; picture-in-picture; web-share\" referrerpolicy=\"strict-origin-when-cross-origin\" allowfullscreen><\/iframe>\n<\/div><\/figure>\n\n\n\n<p>Retrouvez \u00e9galement cette conf\u00e9rence en podcast :<\/p>\n\n\n\n<figure class=\"wp-block-image size-large\"><a href=\"https:\/\/anchor.fm\/jeremie-viret\/episodes\/Briefing-1--les-stratgies-de-sortie-de-crises-pour-les-compagnies-ariennes-eepag0\/a-a2bcne8\"><img loading=\"lazy\" decoding=\"async\" width=\"1024\" height=\"204\" src=\"https:\/\/oiaac.esg.uqam.ca\/wp-content\/uploads\/sites\/130\/Capture-decran-le-2020-05-30-a-10.59.02-1024x204.png\" alt=\"\" class=\"wp-image-369\" srcset=\"https:\/\/oiaac.esg.uqam.ca\/wp-content\/uploads\/sites\/130\/Capture-decran-le-2020-05-30-a-10.59.02-1024x204.png 1024w, https:\/\/oiaac.esg.uqam.ca\/wp-content\/uploads\/sites\/130\/Capture-decran-le-2020-05-30-a-10.59.02-300x60.png 300w, https:\/\/oiaac.esg.uqam.ca\/wp-content\/uploads\/sites\/130\/Capture-decran-le-2020-05-30-a-10.59.02-768x153.png 768w, https:\/\/oiaac.esg.uqam.ca\/wp-content\/uploads\/sites\/130\/Capture-decran-le-2020-05-30-a-10.59.02-1536x307.png 1536w, https:\/\/oiaac.esg.uqam.ca\/wp-content\/uploads\/sites\/130\/Capture-decran-le-2020-05-30-a-10.59.02-2048x409.png 2048w\" sizes=\"auto, (max-width: 1024px) 100vw, 1024px\" \/><\/a><\/figure>\n\n\n\n<hr class=\"wp-block-separator\" \/>\n\n\n\n<div style=\"height:100px\" aria-hidden=\"true\" class=\"wp-block-spacer\"><\/div>\n\n\n\n<h3 class=\"wp-block-heading\"><em>Briefing #2 : Relance en aviation, droit des passagers et r\u00e9alit\u00e9s financi\u00e8res<\/em><\/h3>\n\n\n\n<p><em>4 juin 2020<\/em><\/p>\n\n\n\n<p>Ce second webinaire a \u00e9t\u00e9 l&#8217;occasion de mieux comprendre les enjeux qui sont li\u00e9s aux annulations et remboursements de billets dans le contexte de la Covid-19 : droits des passagers, r\u00e9alit\u00e9s financi\u00e8res des compagnies a\u00e9riennes et d\u00e9cisions gourvenementales. <\/p>\n\n\n\n<p>Apr\u00e8s un bref retour sur l&#8217;impact de la crise pour les compagnies a\u00e9riennes par Hans Obas, Mehran Ebrahimi a livr\u00e9 son analyse de cette industrie structurante qu&#8217;est l&#8217;aviation, ainsi que la complexit\u00e9 des d\u00e9fis l\u00e9gaux, financiers et strat\u00e9giques \u00e0 laquelle elle fait face.<\/p>\n\n\n\n<figure class=\"wp-block-embed is-type-video is-provider-youtube wp-block-embed-youtube wp-embed-aspect-16-9 wp-has-aspect-ratio\"><div class=\"wp-block-embed__wrapper\">\n<iframe loading=\"lazy\" title=\"Briefing #2 Relance en aviation droits des passagers et re\u0301alite\u0301s financie\u0300res\" width=\"640\" height=\"360\" src=\"https:\/\/www.youtube.com\/embed\/LlRh3hiVt-E?feature=oembed\" frameborder=\"0\" allow=\"accelerometer; autoplay; clipboard-write; encrypted-media; gyroscope; picture-in-picture; web-share\" referrerpolicy=\"strict-origin-when-cross-origin\" allowfullscreen><\/iframe>\n<\/div><\/figure>\n\n\n\n<p>Retrouvez \u00e9galement cette conf\u00e9rence en podcast :<\/p>\n\n\n\n<figure class=\"wp-block-image size-large\"><a href=\"https:\/\/anchor.fm\/jeremie-viret\/episodes\/Briefing-2--Relance-en-aviation-droits-des-passagers-et-ralits-financires-ef1jf6\"><img loading=\"lazy\" decoding=\"async\" width=\"1024\" height=\"194\" src=\"https:\/\/oiaac.esg.uqam.ca\/wp-content\/uploads\/sites\/130\/Capture-decran-le-2020-06-05-a-11.55.19-1024x194.png\" alt=\"\" class=\"wp-image-380\" srcset=\"https:\/\/oiaac.esg.uqam.ca\/wp-content\/uploads\/sites\/130\/Capture-decran-le-2020-06-05-a-11.55.19-1024x194.png 1024w, https:\/\/oiaac.esg.uqam.ca\/wp-content\/uploads\/sites\/130\/Capture-decran-le-2020-06-05-a-11.55.19-300x57.png 300w, https:\/\/oiaac.esg.uqam.ca\/wp-content\/uploads\/sites\/130\/Capture-decran-le-2020-06-05-a-11.55.19-768x146.png 768w, https:\/\/oiaac.esg.uqam.ca\/wp-content\/uploads\/sites\/130\/Capture-decran-le-2020-06-05-a-11.55.19-1536x291.png 1536w, https:\/\/oiaac.esg.uqam.ca\/wp-content\/uploads\/sites\/130\/Capture-decran-le-2020-06-05-a-11.55.19-2048x388.png 2048w\" sizes=\"auto, (max-width: 1024px) 100vw, 1024px\" \/><\/a><\/figure>\n\n\n\n<hr class=\"wp-block-separator\" \/>\n\n\n\n<h3 class=\"wp-block-heading\"><em>Briefing #3: Au del\u00e0 du Covid-19, serons-nous en s\u00e9curit\u00e9 dans les avions \u00e0 la reprise des vols?<\/em><\/h3>\n\n\n\n<p><em>11 juin 2020<\/em><\/p>\n\n\n\n<p>Dans ce troisi\u00e8me webinaire nous nous sommes int\u00e9ress\u00e9s \u00e0 la s\u00e9curit\u00e9 a\u00e9rienne dans un contexte de reprise des vols, au del\u00e0 des consid\u00e9rations sanitaires li\u00e9e \u00e0 la Covid-19. Apr\u00e8s l&#8217;\u00e9crasement fin mai d&#8217;un A320 \u00e0 Karachi au Pakistan, Mehran Ebrahimi et Hans Obas vont tenter d&#8217;\u00e9claircir l&#8217;enjeu s\u00e9curitaire apr\u00e8s de nombreuses semaines quasiment sans aucun d\u00e9collage.<\/p>\n\n\n\n<figure class=\"wp-block-embed is-type-video is-provider-youtube wp-block-embed-youtube wp-embed-aspect-16-9 wp-has-aspect-ratio\"><div class=\"wp-block-embed__wrapper\">\n<iframe loading=\"lazy\" title=\"Briefing#3 - Au del\u00e0 du Covid-19, serons-nous en s\u00e9curit\u00e9 dans les avions \u00e0 la reprise des vols?\" width=\"640\" height=\"360\" src=\"https:\/\/www.youtube.com\/embed\/fmNAt7Y8xd0?feature=oembed\" frameborder=\"0\" allow=\"accelerometer; autoplay; clipboard-write; encrypted-media; gyroscope; picture-in-picture; web-share\" referrerpolicy=\"strict-origin-when-cross-origin\" allowfullscreen><\/iframe>\n<\/div><\/figure>\n\n\n\n<p>Retrouvez \u00e9galement cette conf\u00e9rence en podcast :<\/p>\n\n\n\n<figure class=\"wp-block-image size-large\"><a href=\"https:\/\/anchor.fm\/jeremie-viret\/episodes\/Briefing3---Au-del-du-Covid-19--serons-nous-en-scurit-dans-les-avions--la-reprise-des-vols-ef9ul3\"><img loading=\"lazy\" decoding=\"async\" width=\"1024\" height=\"198\" src=\"https:\/\/oiaac.esg.uqam.ca\/wp-content\/uploads\/sites\/130\/Capture-decran-le-2020-06-11-a-16.58.46-1024x198.png\" alt=\"\" class=\"wp-image-405\" srcset=\"https:\/\/oiaac.esg.uqam.ca\/wp-content\/uploads\/sites\/130\/Capture-decran-le-2020-06-11-a-16.58.46-1024x198.png 1024w, https:\/\/oiaac.esg.uqam.ca\/wp-content\/uploads\/sites\/130\/Capture-decran-le-2020-06-11-a-16.58.46-300x58.png 300w, https:\/\/oiaac.esg.uqam.ca\/wp-content\/uploads\/sites\/130\/Capture-decran-le-2020-06-11-a-16.58.46-768x148.png 768w, https:\/\/oiaac.esg.uqam.ca\/wp-content\/uploads\/sites\/130\/Capture-decran-le-2020-06-11-a-16.58.46-1536x296.png 1536w, https:\/\/oiaac.esg.uqam.ca\/wp-content\/uploads\/sites\/130\/Capture-decran-le-2020-06-11-a-16.58.46.png 2032w\" sizes=\"auto, (max-width: 1024px) 100vw, 1024px\" \/><\/a><\/figure>\n\n\n\n<div class=\"wp-block-group\"><div class=\"wp-block-group__inner-container is-layout-flow wp-block-group-is-layout-flow\"><\/div><\/div>\n\n\n<h3 style=\"font-style:italic;font-weight:700;\" class=\"wp-block-post-title\">The Observatory&#8217;s Briefings<\/h3>\n\n\n<p><em>9 juillet 2020<\/em><\/p>\n\n\n\n<p>La situation de pand\u00e9mie actuelle, dans le sillage de la fermeture de la majorit\u00e9 des fronti\u00e8res dans le monde, a entrain\u00e9 un ralentissement in\u00e9dit du transport a\u00e9rien. Bien que le trafic semble entamer une tr\u00e8s l\u00e9g\u00e8re reprise, le secteur de la construction a\u00e9ronautique au niveau mondial est significativement impact\u00e9 et les perspectives de reprise sont contrast\u00e9es.<\/p>\n\n\n\n<p>Dans ce webinaire d\u2019environ une heure, nos intervenants ont pr\u00e9sent\u00e9 leurs analyses sur l\u2019importance de l\u2019a\u00e9ronautique au Canada, notamment en terme d\u2019emplois et d\u2019expertises.<\/p>\n\n\n\n<figure class=\"wp-block-embed is-type-video is-provider-youtube wp-block-embed-youtube wp-embed-aspect-16-9 wp-has-aspect-ratio\"><div class=\"wp-block-embed__wrapper\">\n<iframe loading=\"lazy\" title=\"Webinaire : l\u2019importance de l\u2019a\u00e9ronautique dans l\u2019\u00e9conomie canadienne\" width=\"640\" height=\"360\" src=\"https:\/\/www.youtube.com\/embed\/4UqsFj1mdLQ?feature=oembed\" frameborder=\"0\" allow=\"accelerometer; autoplay; clipboard-write; encrypted-media; gyroscope; picture-in-picture; web-share\" referrerpolicy=\"strict-origin-when-cross-origin\" allowfullscreen><\/iframe>\n<\/div><\/figure>\n\n\n\n<p class=\"has-medium-font-size\"><em>Les intervenants<\/em><\/p>\n\n\n\n<p><strong>David Chartrand<\/strong>&nbsp;est coordonnateur Qu\u00e9b\u00e9cois pour l\u2019Association Internationale des Machinistes et des Travailleurs et des travailleuses de l\u2019A\u00e9rospatial (AIMTA) et Vice-Pr\u00e9sident de la F\u00e9d\u00e9ration des travailleurs et travailleuses du Qu\u00e9bec (FTQ).<\/p>\n\n\n\n<p><strong>Mehran Ebrahimi<\/strong>&nbsp;est professeur titulaire au d\u00e9partement Management et Technologie de l\u2019ESG UQAM, sp\u00e9cialiste en aviation et en a\u00e9ronautique et directeur de l\u2019Observatoire.<\/p>\n","protected":false},"excerpt":{"rendered":"<p>The pandemic has plunged the aviation sector into an unprecedented crises. In the wake of the closure of most of the world&#8217;s borders, the sector is facing radical transformations, the scope and duration of which are strongly marked by uncertainty. The goal of the Observatory&#8217;s Briefings is to shed light on what is unfolding in [&hellip;]<\/p>\n","protected":false},"author":1121,"featured_media":0,"parent":0,"menu_order":0,"comment_status":"closed","ping_status":"closed","template":"","meta":{"_editorskit_title_hidden":false,"_editorskit_reading_time":2,"_editorskit_is_block_options_detached":false,"_editorskit_block_options_position":"{}","footnotes":""},"class_list":["post-1054","page","type-page","status-publish","hentry"],"yoast_head":"<!-- This site is optimized with the Yoast SEO plugin v27.4 - https:\/\/yoast.com\/product\/yoast-seo-wordpress\/ -->\n<title>The Observatory&#039;s Briefings - Observatoire International de l\u2019A\u00e9ronautique et de l\u2019Aviation Civile<\/title>\n<meta name=\"robots\" content=\"index, follow, max-snippet:-1, max-image-preview:large, max-video-preview:-1\" \/>\n<link rel=\"canonical\" href=\"https:\/\/oiaac.esg.uqam.ca\/en\/the-observatorys-briefings\/\" \/>\n<meta property=\"og:locale\" content=\"en_US\" \/>\n<meta property=\"og:type\" content=\"article\" \/>\n<meta property=\"og:title\" content=\"The Observatory&#039;s Briefings - Observatoire International de l\u2019A\u00e9ronautique et de l\u2019Aviation Civile\" \/>\n<meta property=\"og:description\" content=\"The pandemic has plunged the aviation sector into an unprecedented crises. In the wake of the closure of most of the world&#8217;s borders, the sector is facing radical transformations, the scope and duration of which are strongly marked by uncertainty. The goal of the Observatory&#8217;s Briefings is to shed light on what is unfolding in [&hellip;]\" \/>\n<meta property=\"og:url\" content=\"https:\/\/oiaac.esg.uqam.ca\/en\/the-observatorys-briefings\/\" \/>\n<meta property=\"og:site_name\" content=\"Observatoire International de l\u2019A\u00e9ronautique et de l\u2019Aviation Civile\" \/>\n<meta property=\"article:modified_time\" content=\"2023-02-03T23:31:19+00:00\" \/>\n<meta property=\"og:image\" content=\"https:\/\/oiaac.esg.uqam.ca\/wp-content\/uploads\/sites\/130\/Capture-decran-le-2020-05-30-a-10.59.02-1024x204.png\" \/>\n<meta name=\"twitter:card\" content=\"summary_large_image\" \/>\n<meta name=\"twitter:label1\" content=\"Est. reading time\" \/>\n\t<meta name=\"twitter:data1\" content=\"3 minutes\" \/>\n<script type=\"application\/ld+json\" class=\"yoast-schema-graph\">{\"@context\":\"https:\\\/\\\/schema.org\",\"@graph\":[{\"@type\":\"WebPage\",\"@id\":\"https:\\\/\\\/oiaac.esg.uqam.ca\\\/en\\\/the-observatorys-briefings\\\/\",\"url\":\"https:\\\/\\\/oiaac.esg.uqam.ca\\\/en\\\/the-observatorys-briefings\\\/\",\"name\":\"The Observatory's Briefings - Observatoire International de l\u2019A\u00e9ronautique et de l\u2019Aviation Civile\",\"isPartOf\":{\"@id\":\"https:\\\/\\\/oiaac.esg.uqam.ca\\\/#website\"},\"primaryImageOfPage\":{\"@id\":\"https:\\\/\\\/oiaac.esg.uqam.ca\\\/en\\\/the-observatorys-briefings\\\/#primaryimage\"},\"image\":{\"@id\":\"https:\\\/\\\/oiaac.esg.uqam.ca\\\/en\\\/the-observatorys-briefings\\\/#primaryimage\"},\"thumbnailUrl\":\"https:\\\/\\\/oiaac.esg.uqam.ca\\\/wp-content\\\/uploads\\\/sites\\\/130\\\/Capture-decran-le-2020-05-30-a-10.59.02-1024x204.png\",\"datePublished\":\"2020-06-05T16:05:34+00:00\",\"dateModified\":\"2023-02-03T23:31:19+00:00\",\"breadcrumb\":{\"@id\":\"https:\\\/\\\/oiaac.esg.uqam.ca\\\/en\\\/the-observatorys-briefings\\\/#breadcrumb\"},\"inLanguage\":\"en-US\",\"potentialAction\":[{\"@type\":\"ReadAction\",\"target\":[\"https:\\\/\\\/oiaac.esg.uqam.ca\\\/en\\\/the-observatorys-briefings\\\/\"]}]},{\"@type\":\"ImageObject\",\"inLanguage\":\"en-US\",\"@id\":\"https:\\\/\\\/oiaac.esg.uqam.ca\\\/en\\\/the-observatorys-briefings\\\/#primaryimage\",\"url\":\"https:\\\/\\\/oiaac.esg.uqam.ca\\\/wp-content\\\/uploads\\\/sites\\\/130\\\/Capture-decran-le-2020-05-30-a-10.59.02-1024x204.png\",\"contentUrl\":\"https:\\\/\\\/oiaac.esg.uqam.ca\\\/wp-content\\\/uploads\\\/sites\\\/130\\\/Capture-decran-le-2020-05-30-a-10.59.02-1024x204.png\"},{\"@type\":\"BreadcrumbList\",\"@id\":\"https:\\\/\\\/oiaac.esg.uqam.ca\\\/en\\\/the-observatorys-briefings\\\/#breadcrumb\",\"itemListElement\":[{\"@type\":\"ListItem\",\"position\":1,\"name\":\"Accueil\",\"item\":\"https:\\\/\\\/oiaac.esg.uqam.ca\\\/\"},{\"@type\":\"ListItem\",\"position\":2,\"name\":\"The Observatory&#8217;s Briefings\"}]},{\"@type\":\"WebSite\",\"@id\":\"https:\\\/\\\/oiaac.esg.uqam.ca\\\/#website\",\"url\":\"https:\\\/\\\/oiaac.esg.uqam.ca\\\/\",\"name\":\"Observatoire International de l\u2019A\u00e9ronautique et de l\u2019Aviation Civile\",\"description\":\"\",\"potentialAction\":[{\"@type\":\"SearchAction\",\"target\":{\"@type\":\"EntryPoint\",\"urlTemplate\":\"https:\\\/\\\/oiaac.esg.uqam.ca\\\/?s={search_term_string}\"},\"query-input\":{\"@type\":\"PropertyValueSpecification\",\"valueRequired\":true,\"valueName\":\"search_term_string\"}}],\"inLanguage\":\"en-US\"}]}<\/script>\n<!-- \/ Yoast SEO plugin. -->","yoast_head_json":{"title":"The Observatory's Briefings - Observatoire International de l\u2019A\u00e9ronautique et de l\u2019Aviation Civile","robots":{"index":"index","follow":"follow","max-snippet":"max-snippet:-1","max-image-preview":"max-image-preview:large","max-video-preview":"max-video-preview:-1"},"canonical":"https:\/\/oiaac.esg.uqam.ca\/en\/the-observatorys-briefings\/","og_locale":"en_US","og_type":"article","og_title":"The Observatory's Briefings - Observatoire International de l\u2019A\u00e9ronautique et de l\u2019Aviation Civile","og_description":"The pandemic has plunged the aviation sector into an unprecedented crises. In the wake of the closure of most of the world&#8217;s borders, the sector is facing radical transformations, the scope and duration of which are strongly marked by uncertainty. The goal of the Observatory&#8217;s Briefings is to shed light on what is unfolding in [&hellip;]","og_url":"https:\/\/oiaac.esg.uqam.ca\/en\/the-observatorys-briefings\/","og_site_name":"Observatoire International de l\u2019A\u00e9ronautique et de l\u2019Aviation Civile","article_modified_time":"2023-02-03T23:31:19+00:00","og_image":[{"url":"https:\/\/oiaac.esg.uqam.ca\/wp-content\/uploads\/sites\/130\/Capture-decran-le-2020-05-30-a-10.59.02-1024x204.png","type":"","width":"","height":""}],"twitter_card":"summary_large_image","twitter_misc":{"Est. reading time":"3 minutes"},"schema":{"@context":"https:\/\/schema.org","@graph":[{"@type":"WebPage","@id":"https:\/\/oiaac.esg.uqam.ca\/en\/the-observatorys-briefings\/","url":"https:\/\/oiaac.esg.uqam.ca\/en\/the-observatorys-briefings\/","name":"The Observatory's Briefings - Observatoire International de l\u2019A\u00e9ronautique et de l\u2019Aviation Civile","isPartOf":{"@id":"https:\/\/oiaac.esg.uqam.ca\/#website"},"primaryImageOfPage":{"@id":"https:\/\/oiaac.esg.uqam.ca\/en\/the-observatorys-briefings\/#primaryimage"},"image":{"@id":"https:\/\/oiaac.esg.uqam.ca\/en\/the-observatorys-briefings\/#primaryimage"},"thumbnailUrl":"https:\/\/oiaac.esg.uqam.ca\/wp-content\/uploads\/sites\/130\/Capture-decran-le-2020-05-30-a-10.59.02-1024x204.png","datePublished":"2020-06-05T16:05:34+00:00","dateModified":"2023-02-03T23:31:19+00:00","breadcrumb":{"@id":"https:\/\/oiaac.esg.uqam.ca\/en\/the-observatorys-briefings\/#breadcrumb"},"inLanguage":"en-US","potentialAction":[{"@type":"ReadAction","target":["https:\/\/oiaac.esg.uqam.ca\/en\/the-observatorys-briefings\/"]}]},{"@type":"ImageObject","inLanguage":"en-US","@id":"https:\/\/oiaac.esg.uqam.ca\/en\/the-observatorys-briefings\/#primaryimage","url":"https:\/\/oiaac.esg.uqam.ca\/wp-content\/uploads\/sites\/130\/Capture-decran-le-2020-05-30-a-10.59.02-1024x204.png","contentUrl":"https:\/\/oiaac.esg.uqam.ca\/wp-content\/uploads\/sites\/130\/Capture-decran-le-2020-05-30-a-10.59.02-1024x204.png"},{"@type":"BreadcrumbList","@id":"https:\/\/oiaac.esg.uqam.ca\/en\/the-observatorys-briefings\/#breadcrumb","itemListElement":[{"@type":"ListItem","position":1,"name":"Accueil","item":"https:\/\/oiaac.esg.uqam.ca\/"},{"@type":"ListItem","position":2,"name":"The Observatory&#8217;s Briefings"}]},{"@type":"WebSite","@id":"https:\/\/oiaac.esg.uqam.ca\/#website","url":"https:\/\/oiaac.esg.uqam.ca\/","name":"Observatoire International de l\u2019A\u00e9ronautique et de l\u2019Aviation Civile","description":"","potentialAction":[{"@type":"SearchAction","target":{"@type":"EntryPoint","urlTemplate":"https:\/\/oiaac.esg.uqam.ca\/?s={search_term_string}"},"query-input":{"@type":"PropertyValueSpecification","valueRequired":true,"valueName":"search_term_string"}}],"inLanguage":"en-US"}]}},"_links":{"self":[{"href":"https:\/\/oiaac.esg.uqam.ca\/en\/wp-json\/wp\/v2\/pages\/1054","targetHints":{"allow":["GET"]}}],"collection":[{"href":"https:\/\/oiaac.esg.uqam.ca\/en\/wp-json\/wp\/v2\/pages"}],"about":[{"href":"https:\/\/oiaac.esg.uqam.ca\/en\/wp-json\/wp\/v2\/types\/page"}],"author":[{"embeddable":true,"href":"https:\/\/oiaac.esg.uqam.ca\/en\/wp-json\/wp\/v2\/users\/1121"}],"replies":[{"embeddable":true,"href":"https:\/\/oiaac.esg.uqam.ca\/en\/wp-json\/wp\/v2\/comments?post=1054"}],"version-history":[{"count":1,"href":"https:\/\/oiaac.esg.uqam.ca\/en\/wp-json\/wp\/v2\/pages\/1054\/revisions"}],"predecessor-version":[{"id":1055,"href":"https:\/\/oiaac.esg.uqam.ca\/en\/wp-json\/wp\/v2\/pages\/1054\/revisions\/1055"}],"wp:attachment":[{"href":"https:\/\/oiaac.esg.uqam.ca\/en\/wp-json\/wp\/v2\/media?parent=1054"}],"curies":[{"name":"wp","href":"https:\/\/api.w.org\/{rel}","templated":true}]}}