{"id":1056,"date":"2019-07-09T10:56:24","date_gmt":"2019-07-09T14:56:24","guid":{"rendered":"https:\/\/oiaac.esg.uqam.ca\/?page_id=1056"},"modified":"2023-02-03T18:34:10","modified_gmt":"2023-02-03T23:34:10","slug":"conferences-webinars","status":"publish","type":"page","link":"https:\/\/oiaac.esg.uqam.ca\/en\/conferences-webinars\/","title":{"rendered":"Conferences &amp; Webinars"},"content":{"rendered":"\n<h3 class=\"wp-block-heading\"><em>Doit-on boycotter le transport par avion pour r\u00e9duire notre empreinte \u00e9cologique ? <\/em><\/h3>\n\n\n\n<p><em>12 avril 2019 <\/em><\/p>\n\n\n\n<p>La question est dans l&#8217;air du temps, mais elle traduit des enjeux de soci\u00e9t\u00e9 profonds, pour un secteur d&#8217;activit\u00e9 qui concentre beaucoup d&#8217;attention en raison de sa croissance soutenue et de son r\u00f4le structurant dans l&#8217;\u00e9conomie.<\/p>\n\n\n\n<p>Dans le cadre des <a rel=\"noreferrer noopener\" href=\"https:\/\/journeesinnovation-esg.uqam.ca\" target=\"_blank\">Journ\u00e9es de l&#8217;Innovation<\/a>, <strong>Mehran Ebrahimi<\/strong> professeur au <strong>D\u00e9partement de management et technologie <\/strong>et Directeur de<strong> l&#8217;Observatoire International de l\u2019A\u00e9ronautique et de l\u2019Aviation Civile<\/strong>, <strong>Sylvain L\u00e9vesque<\/strong>, ancien Vice-Pr\u00e9sident Strat\u00e9gie de <strong>Bombardier <\/strong>et <strong>Kahina Oudjehani<\/strong>, Directrice D\u00e9partement \u00c9co-conception de <strong>Bombardier<\/strong>, ont pr\u00e9sent\u00e9 des perspectives concr\u00e8tes sur l&#8217;impact r\u00e9el de l&#8217;aviation, au del\u00e0 des <em>a priori<\/em>.<\/p>\n\n\n\n<p>Retrouvez les pr\u00e9sentations des conf\u00e9renciers, ainsi que les \u00e9changes avec le public.<\/p>\n\n\n\n<figure class=\"wp-block-embed is-type-video is-provider-youtube wp-block-embed-youtube wp-embed-aspect-16-9 wp-has-aspect-ratio\"><div class=\"wp-block-embed__wrapper\">\n<iframe loading=\"lazy\" title=\"Faut il boycotter l&#039;avion  Confe\u0301rence 12 avril 2019  partie 1\" width=\"640\" height=\"360\" src=\"https:\/\/www.youtube.com\/embed\/GO98e0qnUOQ?feature=oembed\" frameborder=\"0\" allow=\"accelerometer; autoplay; clipboard-write; encrypted-media; gyroscope; picture-in-picture; web-share\" referrerpolicy=\"strict-origin-when-cross-origin\" allowfullscreen><\/iframe>\n<\/div><figcaption>Premi\u00e8re partie de la conf\u00e9rence : &#8220;Faut-il boycotter l&#8217;avion ?&#8221; &#8211; 12 avril 2019<\/figcaption><\/figure>\n\n\n\n<figure class=\"wp-block-embed is-type-video is-provider-youtube wp-block-embed-youtube wp-embed-aspect-16-9 wp-has-aspect-ratio\"><div class=\"wp-block-embed__wrapper\">\n<iframe loading=\"lazy\" title=\"Faut il boycotter l&#039;avion Confe\u0301rence 12 avril 2019 partie 2\" width=\"640\" height=\"360\" src=\"https:\/\/www.youtube.com\/embed\/0tO7DGT5Dvs?feature=oembed\" frameborder=\"0\" allow=\"accelerometer; autoplay; clipboard-write; encrypted-media; gyroscope; picture-in-picture; web-share\" referrerpolicy=\"strict-origin-when-cross-origin\" allowfullscreen><\/iframe>\n<\/div><figcaption>Deuxi\u00e8me partie de la conf\u00e9rence : &#8220;Faut-il boycotter l&#8217;avion ?&#8221; &#8211; 12 avril 2019<\/figcaption><\/figure>\n\n\n\n<hr class=\"wp-block-separator\" \/>\n\n\n\n<h3 class=\"wp-block-heading\"><em>Covid-19 : quels impacts sociaux et environnementaux pour l&#8217;aviation ?<\/em><\/h3>\n\n\n\n<p><em>24 avril 2020<\/em><\/p>\n\n\n\n<p>Dans le cadre des entretiens de CIT\u00c9, la Coalition Interdisciplinaire pour une Transition \u00c9cologique de l&#8217;ESG UQAM, les membres de l&#8217;Observatoire Hans Obas et J\u00e9r\u00e9mie Viret ont \u00e9chang\u00e9 sur <strong>les enjeux auxquels fait face l&#8217;aviation civile<\/strong>, suite \u00e0 la crise in\u00e9dite du Covid-19.<\/p>\n\n\n\n<p>Le commandant Hans Obas a notamment livr\u00e9 son analyse des changements qui sont en train d&#8217;\u00e9merger dans le secteur. Dans une <strong>d\u00e9marche de vulgarisation des ph\u00e9nom\u00e8nes complexes \u00e0 l&#8217;oeuvre en aviation<\/strong>, Hans Obas a illustr\u00e9 ses propos d&#8217;exemples concrets, comme les proc\u00e9dures op\u00e9rationnelles utilis\u00e9es au sol par les compagnies pour \u00e9conomiser du carburant ou encore la succession d&#8217;interactions n\u00e9cessaires \u00e0 l&#8217;exploitation d&#8217;un vol commercial.<\/p>\n\n\n\n<p><\/p>\n\n\n\n<figure class=\"wp-block-embed is-type-video is-provider-youtube wp-block-embed-youtube wp-embed-aspect-16-9 wp-has-aspect-ratio\"><div class=\"wp-block-embed__wrapper\">\n<iframe loading=\"lazy\" title=\"La CITE\u0301 s&#039;entretient avec Hans Obas\" width=\"640\" height=\"360\" src=\"https:\/\/www.youtube.com\/embed\/WjfXAC5Sqos?feature=oembed\" frameborder=\"0\" allow=\"accelerometer; autoplay; clipboard-write; encrypted-media; gyroscope; picture-in-picture; web-share\" referrerpolicy=\"strict-origin-when-cross-origin\" allowfullscreen><\/iframe>\n<\/div><\/figure>\n\n\n\n<p>Retrouvez \u00e9galement cette conf\u00e9rence en podcast :<\/p>\n\n\n\n<figure class=\"wp-block-image size-large\"><a href=\"https:\/\/anchor.fm\/jeremie-viret\/episodes\/La-CIT-sentretient-avec-Hans-Obas---en-partenariat-avec-lObservatoire-International-de-lAronautique-et-de-lAviation-Civile-eder2h\/a-a22nr4t\"><img loading=\"lazy\" decoding=\"async\" width=\"1024\" height=\"197\" src=\"https:\/\/oiaac.esg.uqam.ca\/wp-content\/uploads\/sites\/130\/Capture-decran-le-2020-05-30-a-10.57.20-1024x197.png\" alt=\"\" class=\"wp-image-367\" srcset=\"https:\/\/oiaac.esg.uqam.ca\/wp-content\/uploads\/sites\/130\/Capture-decran-le-2020-05-30-a-10.57.20-1024x197.png 1024w, https:\/\/oiaac.esg.uqam.ca\/wp-content\/uploads\/sites\/130\/Capture-decran-le-2020-05-30-a-10.57.20-300x58.png 300w, https:\/\/oiaac.esg.uqam.ca\/wp-content\/uploads\/sites\/130\/Capture-decran-le-2020-05-30-a-10.57.20-768x148.png 768w, https:\/\/oiaac.esg.uqam.ca\/wp-content\/uploads\/sites\/130\/Capture-decran-le-2020-05-30-a-10.57.20-1536x295.png 1536w, https:\/\/oiaac.esg.uqam.ca\/wp-content\/uploads\/sites\/130\/Capture-decran-le-2020-05-30-a-10.57.20-2048x394.png 2048w\" sizes=\"auto, (max-width: 1024px) 100vw, 1024px\" \/><\/a><\/figure>\n\n\n\n<div style=\"height:90px\" aria-hidden=\"true\" class=\"wp-block-spacer\"><\/div>\n\n\n\n<p>2020 \u00a9&nbsp;<em>Tous droits r\u00e9serv\u00e9s<\/em><\/p>\n","protected":false},"excerpt":{"rendered":"<p>Doit-on boycotter le transport par avion pour r\u00e9duire notre empreinte \u00e9cologique ? 12 avril 2019 La question est dans l&#8217;air du temps, mais elle traduit des enjeux de soci\u00e9t\u00e9 profonds, pour un secteur d&#8217;activit\u00e9 qui concentre beaucoup d&#8217;attention en raison de sa croissance soutenue et de son r\u00f4le structurant dans l&#8217;\u00e9conomie. Dans le cadre des [&hellip;]<\/p>\n","protected":false},"author":1121,"featured_media":0,"parent":0,"menu_order":0,"comment_status":"closed","ping_status":"closed","template":"","meta":{"_editorskit_title_hidden":false,"_editorskit_reading_time":1,"_editorskit_is_block_options_detached":false,"_editorskit_block_options_position":"{}","footnotes":""},"class_list":["post-1056","page","type-page","status-publish","hentry"],"yoast_head":"<!-- This site is optimized with the Yoast SEO plugin v27.4 - https:\/\/yoast.com\/product\/yoast-seo-wordpress\/ -->\n<title>Conferences &amp; Webinars - Observatoire International de l\u2019A\u00e9ronautique et de l\u2019Aviation Civile<\/title>\n<meta name=\"robots\" content=\"index, follow, max-snippet:-1, max-image-preview:large, max-video-preview:-1\" \/>\n<link rel=\"canonical\" href=\"https:\/\/oiaac.esg.uqam.ca\/en\/conferences-webinars\/\" \/>\n<meta property=\"og:locale\" content=\"en_US\" \/>\n<meta property=\"og:type\" content=\"article\" \/>\n<meta property=\"og:title\" content=\"Conferences &amp; Webinars - Observatoire International de l\u2019A\u00e9ronautique et de l\u2019Aviation Civile\" \/>\n<meta property=\"og:description\" content=\"Doit-on boycotter le transport par avion pour r\u00e9duire notre empreinte \u00e9cologique ? 12 avril 2019 La question est dans l&#8217;air du temps, mais elle traduit des enjeux de soci\u00e9t\u00e9 profonds, pour un secteur d&#8217;activit\u00e9 qui concentre beaucoup d&#8217;attention en raison de sa croissance soutenue et de son r\u00f4le structurant dans l&#8217;\u00e9conomie. Dans le cadre des [&hellip;]\" \/>\n<meta property=\"og:url\" content=\"https:\/\/oiaac.esg.uqam.ca\/en\/conferences-webinars\/\" \/>\n<meta property=\"og:site_name\" content=\"Observatoire International de l\u2019A\u00e9ronautique et de l\u2019Aviation Civile\" \/>\n<meta property=\"article:modified_time\" content=\"2023-02-03T23:34:10+00:00\" \/>\n<meta property=\"og:image\" content=\"https:\/\/oiaac.esg.uqam.ca\/wp-content\/uploads\/sites\/130\/Capture-decran-le-2020-05-30-a-10.57.20-1024x197.png\" \/>\n<meta name=\"twitter:card\" content=\"summary_large_image\" \/>\n<meta name=\"twitter:label1\" content=\"Est. reading time\" \/>\n\t<meta name=\"twitter:data1\" content=\"2 minutes\" \/>\n<script type=\"application\/ld+json\" class=\"yoast-schema-graph\">{\"@context\":\"https:\\\/\\\/schema.org\",\"@graph\":[{\"@type\":\"WebPage\",\"@id\":\"https:\\\/\\\/oiaac.esg.uqam.ca\\\/en\\\/conferences-webinars\\\/\",\"url\":\"https:\\\/\\\/oiaac.esg.uqam.ca\\\/en\\\/conferences-webinars\\\/\",\"name\":\"Conferences &amp; Webinars - Observatoire International de l\u2019A\u00e9ronautique et de l\u2019Aviation Civile\",\"isPartOf\":{\"@id\":\"https:\\\/\\\/oiaac.esg.uqam.ca\\\/#website\"},\"primaryImageOfPage\":{\"@id\":\"https:\\\/\\\/oiaac.esg.uqam.ca\\\/en\\\/conferences-webinars\\\/#primaryimage\"},\"image\":{\"@id\":\"https:\\\/\\\/oiaac.esg.uqam.ca\\\/en\\\/conferences-webinars\\\/#primaryimage\"},\"thumbnailUrl\":\"https:\\\/\\\/oiaac.esg.uqam.ca\\\/wp-content\\\/uploads\\\/sites\\\/130\\\/Capture-decran-le-2020-05-30-a-10.57.20-1024x197.png\",\"datePublished\":\"2019-07-09T14:56:24+00:00\",\"dateModified\":\"2023-02-03T23:34:10+00:00\",\"breadcrumb\":{\"@id\":\"https:\\\/\\\/oiaac.esg.uqam.ca\\\/en\\\/conferences-webinars\\\/#breadcrumb\"},\"inLanguage\":\"en-US\",\"potentialAction\":[{\"@type\":\"ReadAction\",\"target\":[\"https:\\\/\\\/oiaac.esg.uqam.ca\\\/en\\\/conferences-webinars\\\/\"]}]},{\"@type\":\"ImageObject\",\"inLanguage\":\"en-US\",\"@id\":\"https:\\\/\\\/oiaac.esg.uqam.ca\\\/en\\\/conferences-webinars\\\/#primaryimage\",\"url\":\"https:\\\/\\\/oiaac.esg.uqam.ca\\\/wp-content\\\/uploads\\\/sites\\\/130\\\/Capture-decran-le-2020-05-30-a-10.57.20-1024x197.png\",\"contentUrl\":\"https:\\\/\\\/oiaac.esg.uqam.ca\\\/wp-content\\\/uploads\\\/sites\\\/130\\\/Capture-decran-le-2020-05-30-a-10.57.20-1024x197.png\"},{\"@type\":\"BreadcrumbList\",\"@id\":\"https:\\\/\\\/oiaac.esg.uqam.ca\\\/en\\\/conferences-webinars\\\/#breadcrumb\",\"itemListElement\":[{\"@type\":\"ListItem\",\"position\":1,\"name\":\"Accueil\",\"item\":\"https:\\\/\\\/oiaac.esg.uqam.ca\\\/\"},{\"@type\":\"ListItem\",\"position\":2,\"name\":\"Conferences &amp; Webinars\"}]},{\"@type\":\"WebSite\",\"@id\":\"https:\\\/\\\/oiaac.esg.uqam.ca\\\/#website\",\"url\":\"https:\\\/\\\/oiaac.esg.uqam.ca\\\/\",\"name\":\"Observatoire International de l\u2019A\u00e9ronautique et de l\u2019Aviation Civile\",\"description\":\"\",\"potentialAction\":[{\"@type\":\"SearchAction\",\"target\":{\"@type\":\"EntryPoint\",\"urlTemplate\":\"https:\\\/\\\/oiaac.esg.uqam.ca\\\/?s={search_term_string}\"},\"query-input\":{\"@type\":\"PropertyValueSpecification\",\"valueRequired\":true,\"valueName\":\"search_term_string\"}}],\"inLanguage\":\"en-US\"}]}<\/script>\n<!-- \/ Yoast SEO plugin. -->","yoast_head_json":{"title":"Conferences &amp; Webinars - Observatoire International de l\u2019A\u00e9ronautique et de l\u2019Aviation Civile","robots":{"index":"index","follow":"follow","max-snippet":"max-snippet:-1","max-image-preview":"max-image-preview:large","max-video-preview":"max-video-preview:-1"},"canonical":"https:\/\/oiaac.esg.uqam.ca\/en\/conferences-webinars\/","og_locale":"en_US","og_type":"article","og_title":"Conferences &amp; Webinars - Observatoire International de l\u2019A\u00e9ronautique et de l\u2019Aviation Civile","og_description":"Doit-on boycotter le transport par avion pour r\u00e9duire notre empreinte \u00e9cologique ? 12 avril 2019 La question est dans l&#8217;air du temps, mais elle traduit des enjeux de soci\u00e9t\u00e9 profonds, pour un secteur d&#8217;activit\u00e9 qui concentre beaucoup d&#8217;attention en raison de sa croissance soutenue et de son r\u00f4le structurant dans l&#8217;\u00e9conomie. Dans le cadre des [&hellip;]","og_url":"https:\/\/oiaac.esg.uqam.ca\/en\/conferences-webinars\/","og_site_name":"Observatoire International de l\u2019A\u00e9ronautique et de l\u2019Aviation Civile","article_modified_time":"2023-02-03T23:34:10+00:00","og_image":[{"url":"https:\/\/oiaac.esg.uqam.ca\/wp-content\/uploads\/sites\/130\/Capture-decran-le-2020-05-30-a-10.57.20-1024x197.png","type":"","width":"","height":""}],"twitter_card":"summary_large_image","twitter_misc":{"Est. reading time":"2 minutes"},"schema":{"@context":"https:\/\/schema.org","@graph":[{"@type":"WebPage","@id":"https:\/\/oiaac.esg.uqam.ca\/en\/conferences-webinars\/","url":"https:\/\/oiaac.esg.uqam.ca\/en\/conferences-webinars\/","name":"Conferences &amp; Webinars - Observatoire International de l\u2019A\u00e9ronautique et de l\u2019Aviation Civile","isPartOf":{"@id":"https:\/\/oiaac.esg.uqam.ca\/#website"},"primaryImageOfPage":{"@id":"https:\/\/oiaac.esg.uqam.ca\/en\/conferences-webinars\/#primaryimage"},"image":{"@id":"https:\/\/oiaac.esg.uqam.ca\/en\/conferences-webinars\/#primaryimage"},"thumbnailUrl":"https:\/\/oiaac.esg.uqam.ca\/wp-content\/uploads\/sites\/130\/Capture-decran-le-2020-05-30-a-10.57.20-1024x197.png","datePublished":"2019-07-09T14:56:24+00:00","dateModified":"2023-02-03T23:34:10+00:00","breadcrumb":{"@id":"https:\/\/oiaac.esg.uqam.ca\/en\/conferences-webinars\/#breadcrumb"},"inLanguage":"en-US","potentialAction":[{"@type":"ReadAction","target":["https:\/\/oiaac.esg.uqam.ca\/en\/conferences-webinars\/"]}]},{"@type":"ImageObject","inLanguage":"en-US","@id":"https:\/\/oiaac.esg.uqam.ca\/en\/conferences-webinars\/#primaryimage","url":"https:\/\/oiaac.esg.uqam.ca\/wp-content\/uploads\/sites\/130\/Capture-decran-le-2020-05-30-a-10.57.20-1024x197.png","contentUrl":"https:\/\/oiaac.esg.uqam.ca\/wp-content\/uploads\/sites\/130\/Capture-decran-le-2020-05-30-a-10.57.20-1024x197.png"},{"@type":"BreadcrumbList","@id":"https:\/\/oiaac.esg.uqam.ca\/en\/conferences-webinars\/#breadcrumb","itemListElement":[{"@type":"ListItem","position":1,"name":"Accueil","item":"https:\/\/oiaac.esg.uqam.ca\/"},{"@type":"ListItem","position":2,"name":"Conferences &amp; Webinars"}]},{"@type":"WebSite","@id":"https:\/\/oiaac.esg.uqam.ca\/#website","url":"https:\/\/oiaac.esg.uqam.ca\/","name":"Observatoire International de l\u2019A\u00e9ronautique et de l\u2019Aviation Civile","description":"","potentialAction":[{"@type":"SearchAction","target":{"@type":"EntryPoint","urlTemplate":"https:\/\/oiaac.esg.uqam.ca\/?s={search_term_string}"},"query-input":{"@type":"PropertyValueSpecification","valueRequired":true,"valueName":"search_term_string"}}],"inLanguage":"en-US"}]}},"_links":{"self":[{"href":"https:\/\/oiaac.esg.uqam.ca\/en\/wp-json\/wp\/v2\/pages\/1056","targetHints":{"allow":["GET"]}}],"collection":[{"href":"https:\/\/oiaac.esg.uqam.ca\/en\/wp-json\/wp\/v2\/pages"}],"about":[{"href":"https:\/\/oiaac.esg.uqam.ca\/en\/wp-json\/wp\/v2\/types\/page"}],"author":[{"embeddable":true,"href":"https:\/\/oiaac.esg.uqam.ca\/en\/wp-json\/wp\/v2\/users\/1121"}],"replies":[{"embeddable":true,"href":"https:\/\/oiaac.esg.uqam.ca\/en\/wp-json\/wp\/v2\/comments?post=1056"}],"version-history":[{"count":1,"href":"https:\/\/oiaac.esg.uqam.ca\/en\/wp-json\/wp\/v2\/pages\/1056\/revisions"}],"predecessor-version":[{"id":1057,"href":"https:\/\/oiaac.esg.uqam.ca\/en\/wp-json\/wp\/v2\/pages\/1056\/revisions\/1057"}],"wp:attachment":[{"href":"https:\/\/oiaac.esg.uqam.ca\/en\/wp-json\/wp\/v2\/media?parent=1056"}],"curies":[{"name":"wp","href":"https:\/\/api.w.org\/{rel}","templated":true}]}}