{"id":1084,"date":"2019-07-09T10:54:04","date_gmt":"2019-07-09T14:54:04","guid":{"rendered":"https:\/\/oiaac.esg.uqam.ca\/?page_id=1084"},"modified":"2023-02-03T19:50:39","modified_gmt":"2023-02-04T00:50:39","slug":"research-publication","status":"publish","type":"page","link":"https:\/\/oiaac.esg.uqam.ca\/en\/research-publication\/","title":{"rendered":"Research &amp; Publication"},"content":{"rendered":"\n<h5 class=\"has-medium-font-size wp-block-heading\">Research projects under the supervision of Professor Mehran Ebrahimi<\/h5>\n\n\n\n<div data-wp-interactive=\"core\/file\" class=\"wp-block-file\"><object data-wp-bind--hidden=\"!state.hasPdfPreview\" hidden class=\"wp-block-file__embed\" data=\"https:\/\/oiaac.esg.uqam.ca\/wp-content\/uploads\/sites\/130\/Presentation-des-travaux-en-cours-de-lObservatoire-au-RDV-Reseau-du-CRIAQ.pdf\" type=\"application\/pdf\" style=\"width:100%;height:600px\" aria-label=\"Embed of Contenu embarqu\u00e9 Pr\u00e9sentation des travaux en cours de lObservatoire lors du RDV R\u00e9seau du CRIAQ..\"><\/object><a id=\"wp-block-file--media-d568c1c7-557b-46d0-838a-2111b47e27ac\" href=\"https:\/\/oiaac.esg.uqam.ca\/wp-content\/uploads\/sites\/130\/Presentation-des-travaux-en-cours-de-lObservatoire-au-RDV-Reseau-du-CRIAQ.pdf\">Pr\u00e9sentation des travaux en cours de lObservatoire lors du RDV R\u00e9seau du CRIAQ<\/a><a href=\"https:\/\/oiaac.esg.uqam.ca\/wp-content\/uploads\/sites\/130\/Presentation-des-travaux-en-cours-de-lObservatoire-au-RDV-Reseau-du-CRIAQ.pdf\" class=\"wp-block-file__button\" download aria-describedby=\"wp-block-file--media-d568c1c7-557b-46d0-838a-2111b47e27ac\">T\u00e9l\u00e9charger<\/a><\/div>\n\n\n\n<h6 class=\"has-medium-font-size wp-block-heading\">Th\u00e8ses de doctorat<\/h6>\n\n\n\n<p>Guedda, Chiraz (2015) <a rel=\"noreferrer noopener\" href=\"http:\/\/www.archipel.uqam.ca\/7763\" target=\"_blank\">Les dynamiques de collaboration entre les partenaires de la grappe a\u00e9ronautique qu\u00e9b\u00e9coise : le cas des projets du CRIAQ<\/a>. Universit\u00e9 du Qu\u00e9bec \u00e0 Montr\u00e9al.<\/p>\n\n\n\n<p>Blum, Guillaume (2014) <a rel=\"noreferrer noopener\" href=\"http:\/\/www.archipel.uqam.ca\/6241\" target=\"_blank\">L&#8217;\u00e9mergence  des connaissances dans le secteur qu\u00e9b\u00e9cois de l&#8217;a\u00e9ronautique : une  \u00e9tude de l&#8217;innovation conduite par le concept d&#8217;avion vert<\/a>. Universit\u00e9 du Qu\u00e9bec \u00e0 Montr\u00e9al.<\/p>\n\n\n\n<h6 class=\"has-medium-font-size wp-block-heading\">M\u00e9moires de ma\u00eetrise<\/h6>\n\n\n\n<p>Ibanez, Ugo (2017) <a href=\"http:\/\/www.archipel.uqam.ca\/11218\" target=\"_blank\" rel=\"noreferrer noopener\" class=\"ek-link\">La gestion des connaissances en situation d&#8217;extr\u00eame urgence<\/a>. Universit\u00e9 du Qu\u00e9bec \u00e0 Montr\u00e9al.<\/p>\n\n\n\n<p>Abbadi, Zineb (2011) <a rel=\"noreferrer noopener\" href=\"http:\/\/www.archipel.uqam.ca\/4185\" target=\"_blank\">Adaptation  des approches en gestion des connaissances au secteur de l&#8217;a\u00e9ronautique  : d\u00e9fi des pays en voie de d\u00e9veloppement : le cas du Maroc<\/a>. Universit\u00e9 du Qu\u00e9bec \u00e0 Montr\u00e9al.<\/p>\n\n\n\n<p>Villeneuve, Janick (2011) <a rel=\"noreferrer noopener\" href=\"http:\/\/www.archipel.uqam.ca\/4195\" target=\"_blank\">Les  facteurs d\u00e9terminants, favorisant le transfert interg\u00e9n\u00e9rationnel de  connaissances le secteur de la haute technologie : le cas d&#8217;une  entreprise en a\u00e9ronautique<\/a>. Universit\u00e9 du Qu\u00e9bec \u00e0 Montr\u00e9al.<\/p>\n\n\n\n<p>Belbeche, Manel (2009) <a rel=\"noreferrer noopener\" href=\"http:\/\/www.archipel.uqam.ca\/2547\" target=\"_blank\">Pratiques  de gestion en termes de cr\u00e9ation, circulation et maintien des  connaissances strat\u00e9giques dans le secteur de la haute technologie : le  cas d&#8217;une entreprise en a\u00e9ronautique<\/a>. Universit\u00e9 du Qu\u00e9bec \u00e0 Montr\u00e9al.<\/p>\n\n\n\n<p>Kouicem, Nadjia (2009) <a href=\"http:\/\/www.archipel.uqam.ca\/3087\" target=\"_blank\" rel=\"noreferrer noopener\">Analyse  et \u00e9valuation de l&#8217;efficacit\u00e9 des transferts de connaissances  technologiques et organisationnelles dans le cadre d&#8217;un projet de  partenariat : le cas des a\u00e9roports de Paris et de l&#8217;a\u00e9roport Houari  Bourm\u00e9di\u00e8ne d&#8217;Alger<\/a>. Universit\u00e9 du Qu\u00e9bec \u00e0 Montr\u00e9al.<\/p>\n\n\n\n<p class=\"has-medium-font-size\"><strong>Essais<\/strong><\/p>\n\n\n\n<p>Viret, J\u00e9r\u00e9mie (2022)<a href=\"https:\/\/oiaac.esg.uqam.ca\/wp-content\/uploads\/sites\/130\/Essai_corrige_Mobilisation-des-connaissances-en-situation-dextreme-urgence-le-cas-des-pilotes-de-ligne.pdf\" class=\"ek-link\"> Mobilisation des connaissances en situation d&#8217;extr\u00eame urgence, le cas des pilotes de ligne<\/a>. Universit\u00e9 du Qu\u00e9bec \u00e0 Montr\u00e9al.<\/p>\n","protected":false},"excerpt":{"rendered":"<p>Research projects under the supervision of Professor Mehran Ebrahimi Th\u00e8ses de doctorat Guedda, Chiraz (2015) Les dynamiques de collaboration entre les partenaires de la grappe a\u00e9ronautique qu\u00e9b\u00e9coise : le cas des projets du CRIAQ. Universit\u00e9 du Qu\u00e9bec \u00e0 Montr\u00e9al. Blum, Guillaume (2014) L&#8217;\u00e9mergence des connaissances dans le secteur qu\u00e9b\u00e9cois de l&#8217;a\u00e9ronautique : une \u00e9tude de [&hellip;]<\/p>\n","protected":false},"author":1121,"featured_media":0,"parent":0,"menu_order":0,"comment_status":"closed","ping_status":"closed","template":"","meta":{"_editorskit_title_hidden":false,"_editorskit_reading_time":0,"_editorskit_is_block_options_detached":false,"_editorskit_block_options_position":"{}","footnotes":""},"class_list":["post-1084","page","type-page","status-publish","hentry"],"yoast_head":"<!-- This site is optimized with the Yoast SEO plugin v27.4 - https:\/\/yoast.com\/product\/yoast-seo-wordpress\/ -->\n<title>Research &amp; Publication - Observatoire International de l\u2019A\u00e9ronautique et de l\u2019Aviation Civile<\/title>\n<meta name=\"robots\" content=\"index, follow, max-snippet:-1, max-image-preview:large, max-video-preview:-1\" \/>\n<link rel=\"canonical\" href=\"https:\/\/oiaac.esg.uqam.ca\/en\/research-publication\/\" \/>\n<meta property=\"og:locale\" content=\"en_US\" \/>\n<meta property=\"og:type\" content=\"article\" \/>\n<meta property=\"og:title\" content=\"Research &amp; Publication - Observatoire International de l\u2019A\u00e9ronautique et de l\u2019Aviation Civile\" \/>\n<meta property=\"og:description\" content=\"Research projects under the supervision of Professor Mehran Ebrahimi Th\u00e8ses de doctorat Guedda, Chiraz (2015) Les dynamiques de collaboration entre les partenaires de la grappe a\u00e9ronautique qu\u00e9b\u00e9coise : le cas des projets du CRIAQ. Universit\u00e9 du Qu\u00e9bec \u00e0 Montr\u00e9al. Blum, Guillaume (2014) L&#8217;\u00e9mergence des connaissances dans le secteur qu\u00e9b\u00e9cois de l&#8217;a\u00e9ronautique : une \u00e9tude de [&hellip;]\" \/>\n<meta property=\"og:url\" content=\"https:\/\/oiaac.esg.uqam.ca\/en\/research-publication\/\" \/>\n<meta property=\"og:site_name\" content=\"Observatoire International de l\u2019A\u00e9ronautique et de l\u2019Aviation Civile\" \/>\n<meta property=\"article:modified_time\" content=\"2023-02-04T00:50:39+00:00\" \/>\n<meta name=\"twitter:card\" content=\"summary_large_image\" \/>\n<meta name=\"twitter:label1\" content=\"Est. reading time\" \/>\n\t<meta name=\"twitter:data1\" content=\"1 minute\" \/>\n<script type=\"application\/ld+json\" class=\"yoast-schema-graph\">{\"@context\":\"https:\\\/\\\/schema.org\",\"@graph\":[{\"@type\":\"WebPage\",\"@id\":\"https:\\\/\\\/oiaac.esg.uqam.ca\\\/en\\\/research-publication\\\/\",\"url\":\"https:\\\/\\\/oiaac.esg.uqam.ca\\\/en\\\/research-publication\\\/\",\"name\":\"Research &amp; Publication - Observatoire International de l\u2019A\u00e9ronautique et de l\u2019Aviation Civile\",\"isPartOf\":{\"@id\":\"https:\\\/\\\/oiaac.esg.uqam.ca\\\/#website\"},\"datePublished\":\"2019-07-09T14:54:04+00:00\",\"dateModified\":\"2023-02-04T00:50:39+00:00\",\"breadcrumb\":{\"@id\":\"https:\\\/\\\/oiaac.esg.uqam.ca\\\/en\\\/research-publication\\\/#breadcrumb\"},\"inLanguage\":\"en-US\",\"potentialAction\":[{\"@type\":\"ReadAction\",\"target\":[\"https:\\\/\\\/oiaac.esg.uqam.ca\\\/en\\\/research-publication\\\/\"]}]},{\"@type\":\"BreadcrumbList\",\"@id\":\"https:\\\/\\\/oiaac.esg.uqam.ca\\\/en\\\/research-publication\\\/#breadcrumb\",\"itemListElement\":[{\"@type\":\"ListItem\",\"position\":1,\"name\":\"Accueil\",\"item\":\"https:\\\/\\\/oiaac.esg.uqam.ca\\\/\"},{\"@type\":\"ListItem\",\"position\":2,\"name\":\"Research &amp; Publication\"}]},{\"@type\":\"WebSite\",\"@id\":\"https:\\\/\\\/oiaac.esg.uqam.ca\\\/#website\",\"url\":\"https:\\\/\\\/oiaac.esg.uqam.ca\\\/\",\"name\":\"Observatoire International de l\u2019A\u00e9ronautique et de l\u2019Aviation Civile\",\"description\":\"\",\"potentialAction\":[{\"@type\":\"SearchAction\",\"target\":{\"@type\":\"EntryPoint\",\"urlTemplate\":\"https:\\\/\\\/oiaac.esg.uqam.ca\\\/?s={search_term_string}\"},\"query-input\":{\"@type\":\"PropertyValueSpecification\",\"valueRequired\":true,\"valueName\":\"search_term_string\"}}],\"inLanguage\":\"en-US\"}]}<\/script>\n<!-- \/ Yoast SEO plugin. -->","yoast_head_json":{"title":"Research &amp; Publication - Observatoire International de l\u2019A\u00e9ronautique et de l\u2019Aviation Civile","robots":{"index":"index","follow":"follow","max-snippet":"max-snippet:-1","max-image-preview":"max-image-preview:large","max-video-preview":"max-video-preview:-1"},"canonical":"https:\/\/oiaac.esg.uqam.ca\/en\/research-publication\/","og_locale":"en_US","og_type":"article","og_title":"Research &amp; Publication - Observatoire International de l\u2019A\u00e9ronautique et de l\u2019Aviation Civile","og_description":"Research projects under the supervision of Professor Mehran Ebrahimi Th\u00e8ses de doctorat Guedda, Chiraz (2015) Les dynamiques de collaboration entre les partenaires de la grappe a\u00e9ronautique qu\u00e9b\u00e9coise : le cas des projets du CRIAQ. Universit\u00e9 du Qu\u00e9bec \u00e0 Montr\u00e9al. Blum, Guillaume (2014) L&#8217;\u00e9mergence des connaissances dans le secteur qu\u00e9b\u00e9cois de l&#8217;a\u00e9ronautique : une \u00e9tude de [&hellip;]","og_url":"https:\/\/oiaac.esg.uqam.ca\/en\/research-publication\/","og_site_name":"Observatoire International de l\u2019A\u00e9ronautique et de l\u2019Aviation Civile","article_modified_time":"2023-02-04T00:50:39+00:00","twitter_card":"summary_large_image","twitter_misc":{"Est. reading time":"1 minute"},"schema":{"@context":"https:\/\/schema.org","@graph":[{"@type":"WebPage","@id":"https:\/\/oiaac.esg.uqam.ca\/en\/research-publication\/","url":"https:\/\/oiaac.esg.uqam.ca\/en\/research-publication\/","name":"Research &amp; Publication - Observatoire International de l\u2019A\u00e9ronautique et de l\u2019Aviation Civile","isPartOf":{"@id":"https:\/\/oiaac.esg.uqam.ca\/#website"},"datePublished":"2019-07-09T14:54:04+00:00","dateModified":"2023-02-04T00:50:39+00:00","breadcrumb":{"@id":"https:\/\/oiaac.esg.uqam.ca\/en\/research-publication\/#breadcrumb"},"inLanguage":"en-US","potentialAction":[{"@type":"ReadAction","target":["https:\/\/oiaac.esg.uqam.ca\/en\/research-publication\/"]}]},{"@type":"BreadcrumbList","@id":"https:\/\/oiaac.esg.uqam.ca\/en\/research-publication\/#breadcrumb","itemListElement":[{"@type":"ListItem","position":1,"name":"Accueil","item":"https:\/\/oiaac.esg.uqam.ca\/"},{"@type":"ListItem","position":2,"name":"Research &amp; Publication"}]},{"@type":"WebSite","@id":"https:\/\/oiaac.esg.uqam.ca\/#website","url":"https:\/\/oiaac.esg.uqam.ca\/","name":"Observatoire International de l\u2019A\u00e9ronautique et de l\u2019Aviation Civile","description":"","potentialAction":[{"@type":"SearchAction","target":{"@type":"EntryPoint","urlTemplate":"https:\/\/oiaac.esg.uqam.ca\/?s={search_term_string}"},"query-input":{"@type":"PropertyValueSpecification","valueRequired":true,"valueName":"search_term_string"}}],"inLanguage":"en-US"}]}},"_links":{"self":[{"href":"https:\/\/oiaac.esg.uqam.ca\/en\/wp-json\/wp\/v2\/pages\/1084","targetHints":{"allow":["GET"]}}],"collection":[{"href":"https:\/\/oiaac.esg.uqam.ca\/en\/wp-json\/wp\/v2\/pages"}],"about":[{"href":"https:\/\/oiaac.esg.uqam.ca\/en\/wp-json\/wp\/v2\/types\/page"}],"author":[{"embeddable":true,"href":"https:\/\/oiaac.esg.uqam.ca\/en\/wp-json\/wp\/v2\/users\/1121"}],"replies":[{"embeddable":true,"href":"https:\/\/oiaac.esg.uqam.ca\/en\/wp-json\/wp\/v2\/comments?post=1084"}],"version-history":[{"count":2,"href":"https:\/\/oiaac.esg.uqam.ca\/en\/wp-json\/wp\/v2\/pages\/1084\/revisions"}],"predecessor-version":[{"id":1086,"href":"https:\/\/oiaac.esg.uqam.ca\/en\/wp-json\/wp\/v2\/pages\/1084\/revisions\/1086"}],"wp:attachment":[{"href":"https:\/\/oiaac.esg.uqam.ca\/en\/wp-json\/wp\/v2\/media?parent=1084"}],"curies":[{"name":"wp","href":"https:\/\/api.w.org\/{rel}","templated":true}]}}