{"id":1087,"date":"2019-07-09T10:58:14","date_gmt":"2019-07-09T14:58:14","guid":{"rendered":"https:\/\/oiaac.esg.uqam.ca\/?page_id=1087"},"modified":"2023-02-03T19:52:00","modified_gmt":"2023-02-04T00:52:00","slug":"contact-us","status":"publish","type":"page","link":"https:\/\/oiaac.esg.uqam.ca\/en\/contact-us\/","title":{"rendered":"Contact Us"},"content":{"rendered":"\n<div class=\"wp-block-columns are-vertically-aligned-center is-layout-flex wp-container-core-columns-is-layout-9d6595d7 wp-block-columns-is-layout-flex\">\n<div class=\"wp-block-column is-vertically-aligned-center is-layout-flow wp-block-column-is-layout-flow\" style=\"flex-basis:100%\"><\/div>\n<\/div>\n\n\n\n<h4 class=\"wp-block-heading\"><strong>Observatoire International de l&#8217;A\u00e9ronautique et de l&#8217;Aviation Civile (OIAAC)<\/strong><\/h4>\n\n\n\n<p><\/p>\n\n\n\n<p style=\"font-size:16px\"><strong>Address <\/strong>: 320, rue Sainte-Catherine Est, Montr\u00e9al, Qu\u00e9bec, H2X 1L7, Canada<\/p>\n\n\n\n<p style=\"font-size:16px\"><strong>Email<\/strong> : <a href=\"mailto:observaero@uqam.ca\" class=\"ek-link\">observaero@uqam.ca<\/a> <\/p>\n","protected":false},"excerpt":{"rendered":"<p>Observatoire International de l&#8217;A\u00e9ronautique et de l&#8217;Aviation Civile (OIAAC) Address : 320, rue Sainte-Catherine Est, Montr\u00e9al, Qu\u00e9bec, H2X 1L7, Canada Email : observaero@uqam.ca<\/p>\n","protected":false},"author":1121,"featured_media":0,"parent":0,"menu_order":0,"comment_status":"closed","ping_status":"closed","template":"","meta":{"_editorskit_title_hidden":false,"_editorskit_reading_time":0,"_editorskit_is_block_options_detached":false,"_editorskit_block_options_position":"{}","footnotes":""},"class_list":["post-1087","page","type-page","status-publish","hentry"],"yoast_head":"<!-- This site is optimized with the Yoast SEO plugin v27.4 - https:\/\/yoast.com\/product\/yoast-seo-wordpress\/ -->\n<title>Contact Us - Observatoire International de l\u2019A\u00e9ronautique et de l\u2019Aviation Civile<\/title>\n<meta name=\"robots\" content=\"index, follow, max-snippet:-1, max-image-preview:large, max-video-preview:-1\" \/>\n<link rel=\"canonical\" href=\"https:\/\/oiaac.esg.uqam.ca\/en\/contact-us\/\" \/>\n<meta property=\"og:locale\" content=\"en_US\" \/>\n<meta property=\"og:type\" content=\"article\" \/>\n<meta property=\"og:title\" content=\"Contact Us - Observatoire International de l\u2019A\u00e9ronautique et de l\u2019Aviation Civile\" \/>\n<meta property=\"og:description\" content=\"Observatoire International de l&#8217;A\u00e9ronautique et de l&#8217;Aviation Civile (OIAAC) Address : 320, rue Sainte-Catherine Est, Montr\u00e9al, Qu\u00e9bec, H2X 1L7, Canada Email : observaero@uqam.ca\" \/>\n<meta property=\"og:url\" content=\"https:\/\/oiaac.esg.uqam.ca\/en\/contact-us\/\" \/>\n<meta property=\"og:site_name\" content=\"Observatoire International de l\u2019A\u00e9ronautique et de l\u2019Aviation Civile\" \/>\n<meta property=\"article:modified_time\" content=\"2023-02-04T00:52:00+00:00\" \/>\n<meta name=\"twitter:card\" content=\"summary_large_image\" \/>\n<script type=\"application\/ld+json\" class=\"yoast-schema-graph\">{\"@context\":\"https:\\\/\\\/schema.org\",\"@graph\":[{\"@type\":\"WebPage\",\"@id\":\"https:\\\/\\\/oiaac.esg.uqam.ca\\\/en\\\/contact-us\\\/\",\"url\":\"https:\\\/\\\/oiaac.esg.uqam.ca\\\/en\\\/contact-us\\\/\",\"name\":\"Contact Us - Observatoire International de l\u2019A\u00e9ronautique et de l\u2019Aviation Civile\",\"isPartOf\":{\"@id\":\"https:\\\/\\\/oiaac.esg.uqam.ca\\\/#website\"},\"datePublished\":\"2019-07-09T14:58:14+00:00\",\"dateModified\":\"2023-02-04T00:52:00+00:00\",\"breadcrumb\":{\"@id\":\"https:\\\/\\\/oiaac.esg.uqam.ca\\\/en\\\/contact-us\\\/#breadcrumb\"},\"inLanguage\":\"en-US\",\"potentialAction\":[{\"@type\":\"ReadAction\",\"target\":[\"https:\\\/\\\/oiaac.esg.uqam.ca\\\/en\\\/contact-us\\\/\"]}]},{\"@type\":\"BreadcrumbList\",\"@id\":\"https:\\\/\\\/oiaac.esg.uqam.ca\\\/en\\\/contact-us\\\/#breadcrumb\",\"itemListElement\":[{\"@type\":\"ListItem\",\"position\":1,\"name\":\"Accueil\",\"item\":\"https:\\\/\\\/oiaac.esg.uqam.ca\\\/\"},{\"@type\":\"ListItem\",\"position\":2,\"name\":\"Contact Us\"}]},{\"@type\":\"WebSite\",\"@id\":\"https:\\\/\\\/oiaac.esg.uqam.ca\\\/#website\",\"url\":\"https:\\\/\\\/oiaac.esg.uqam.ca\\\/\",\"name\":\"Observatoire International de l\u2019A\u00e9ronautique et de l\u2019Aviation Civile\",\"description\":\"\",\"potentialAction\":[{\"@type\":\"SearchAction\",\"target\":{\"@type\":\"EntryPoint\",\"urlTemplate\":\"https:\\\/\\\/oiaac.esg.uqam.ca\\\/?s={search_term_string}\"},\"query-input\":{\"@type\":\"PropertyValueSpecification\",\"valueRequired\":true,\"valueName\":\"search_term_string\"}}],\"inLanguage\":\"en-US\"}]}<\/script>\n<!-- \/ Yoast SEO plugin. -->","yoast_head_json":{"title":"Contact Us - Observatoire International de l\u2019A\u00e9ronautique et de l\u2019Aviation Civile","robots":{"index":"index","follow":"follow","max-snippet":"max-snippet:-1","max-image-preview":"max-image-preview:large","max-video-preview":"max-video-preview:-1"},"canonical":"https:\/\/oiaac.esg.uqam.ca\/en\/contact-us\/","og_locale":"en_US","og_type":"article","og_title":"Contact Us - Observatoire International de l\u2019A\u00e9ronautique et de l\u2019Aviation Civile","og_description":"Observatoire International de l&#8217;A\u00e9ronautique et de l&#8217;Aviation Civile (OIAAC) Address : 320, rue Sainte-Catherine Est, Montr\u00e9al, Qu\u00e9bec, H2X 1L7, Canada Email : observaero@uqam.ca","og_url":"https:\/\/oiaac.esg.uqam.ca\/en\/contact-us\/","og_site_name":"Observatoire International de l\u2019A\u00e9ronautique et de l\u2019Aviation Civile","article_modified_time":"2023-02-04T00:52:00+00:00","twitter_card":"summary_large_image","schema":{"@context":"https:\/\/schema.org","@graph":[{"@type":"WebPage","@id":"https:\/\/oiaac.esg.uqam.ca\/en\/contact-us\/","url":"https:\/\/oiaac.esg.uqam.ca\/en\/contact-us\/","name":"Contact Us - Observatoire International de l\u2019A\u00e9ronautique et de l\u2019Aviation Civile","isPartOf":{"@id":"https:\/\/oiaac.esg.uqam.ca\/#website"},"datePublished":"2019-07-09T14:58:14+00:00","dateModified":"2023-02-04T00:52:00+00:00","breadcrumb":{"@id":"https:\/\/oiaac.esg.uqam.ca\/en\/contact-us\/#breadcrumb"},"inLanguage":"en-US","potentialAction":[{"@type":"ReadAction","target":["https:\/\/oiaac.esg.uqam.ca\/en\/contact-us\/"]}]},{"@type":"BreadcrumbList","@id":"https:\/\/oiaac.esg.uqam.ca\/en\/contact-us\/#breadcrumb","itemListElement":[{"@type":"ListItem","position":1,"name":"Accueil","item":"https:\/\/oiaac.esg.uqam.ca\/"},{"@type":"ListItem","position":2,"name":"Contact Us"}]},{"@type":"WebSite","@id":"https:\/\/oiaac.esg.uqam.ca\/#website","url":"https:\/\/oiaac.esg.uqam.ca\/","name":"Observatoire International de l\u2019A\u00e9ronautique et de l\u2019Aviation Civile","description":"","potentialAction":[{"@type":"SearchAction","target":{"@type":"EntryPoint","urlTemplate":"https:\/\/oiaac.esg.uqam.ca\/?s={search_term_string}"},"query-input":{"@type":"PropertyValueSpecification","valueRequired":true,"valueName":"search_term_string"}}],"inLanguage":"en-US"}]}},"_links":{"self":[{"href":"https:\/\/oiaac.esg.uqam.ca\/en\/wp-json\/wp\/v2\/pages\/1087","targetHints":{"allow":["GET"]}}],"collection":[{"href":"https:\/\/oiaac.esg.uqam.ca\/en\/wp-json\/wp\/v2\/pages"}],"about":[{"href":"https:\/\/oiaac.esg.uqam.ca\/en\/wp-json\/wp\/v2\/types\/page"}],"author":[{"embeddable":true,"href":"https:\/\/oiaac.esg.uqam.ca\/en\/wp-json\/wp\/v2\/users\/1121"}],"replies":[{"embeddable":true,"href":"https:\/\/oiaac.esg.uqam.ca\/en\/wp-json\/wp\/v2\/comments?post=1087"}],"version-history":[{"count":1,"href":"https:\/\/oiaac.esg.uqam.ca\/en\/wp-json\/wp\/v2\/pages\/1087\/revisions"}],"predecessor-version":[{"id":1088,"href":"https:\/\/oiaac.esg.uqam.ca\/en\/wp-json\/wp\/v2\/pages\/1087\/revisions\/1088"}],"wp:attachment":[{"href":"https:\/\/oiaac.esg.uqam.ca\/en\/wp-json\/wp\/v2\/media?parent=1087"}],"curies":[{"name":"wp","href":"https:\/\/api.w.org\/{rel}","templated":true}]}}